{"id":2565,"date":"2024-11-05T09:34:15","date_gmt":"2024-11-05T09:34:15","guid":{"rendered":"https:\/\/cablemusical.com\/politica-de-cookies-copy\/"},"modified":"2024-11-05T09:34:15","modified_gmt":"2024-11-05T09:34:15","slug":"politica-de-cookies-copy","status":"publish","type":"page","link":"https:\/\/cablemusical.com\/de\/politica-de-cookies-copy\/","title":{"rendered":"Pol\u00edtica de cookies"},"content":{"rendered":"<style>@media(max-width:1024px){.elementor-2565 .elementor-element.elementor-element-5a1a0884{width:var( --container-widget-width, 659.6px );max-width:659.6px;--container-widget-width:659.6px;--container-widget-flex-grow:0;}}<\/style>\t\t<div data-elementor-type=\"wp-page\" data-elementor-id=\"2565\" class=\"elementor elementor-2565 elementor-1751\" data-elementor-post-type=\"page\">\n\t\t\t\t\t\t<section class=\"elementor-section elementor-top-section elementor-element elementor-element-6c57acb3 elementor-section-boxed elementor-section-height-default elementor-section-height-default\" data-id=\"6c57acb3\" data-element_type=\"section\" data-e-type=\"section\">\n\t\t\t\t\t\t<div class=\"elementor-container elementor-column-gap-default\">\n\t\t\t\t\t<div class=\"elementor-column elementor-col-100 elementor-top-column elementor-element elementor-element-3237f56a\" data-id=\"3237f56a\" data-element_type=\"column\" data-e-type=\"column\">\n\t\t\t<div class=\"elementor-widget-wrap elementor-element-populated\">\n\t\t\t\t\t\t<div class=\"elementor-element elementor-element-5a1a0884 elementor-widget-tablet__width-initial elementor-widget elementor-widget-text-editor\" data-id=\"5a1a0884\" data-element_type=\"widget\" data-e-type=\"widget\" data-widget_type=\"text-editor.default\">\n\t\t\t\t<div class=\"elementor-widget-container\">\n\t\t\t\t\t\t\t\t\t<p><strong>\u00bfQu\u00e9 es una cookie?<\/strong> <br \/>Una cookie es un archivo de texto inofensivo que se almacena en su navegador cuando visita casi cualquier sitio web. El prop\u00f3sito de la cookie es que el sitio web recuerde su visita cuando vuelva a navegar por esa p\u00e1gina. Aunque mucha gente lo desconozca, las cookies se utilizan desde hace 20 a\u00f1os, desde que aparecieron los primeros navegadores web para la World Wide Web.<\/p>\n<p><strong>\u00bfQu\u00e9 NO es una cookie?<\/strong> <br \/>No es un virus, troyano, gusano, spam, spyware o abridor de ventanas emergentes.<\/p>\n<p><br \/><strong>\u00bfQu\u00e9 informaci\u00f3n almacena una cookie?<\/strong> <br \/>Las cookies no suelen almacenar informaci\u00f3n confidencial sobre usted, como datos bancarios o de tarjetas de cr\u00e9dito, fotos, su identificaci\u00f3n o informaci\u00f3n personal, etc.\u00a0 Los datos que almacenan son de car\u00e1cter t\u00e9cnico, preferencias personales, <br \/>personalizaci\u00f3n de contenidos, etc. <br \/>El servidor web no lo asocia con una persona, sino con su navegador web. De hecho, si navega regularmente con Internet Explorer e intenta navegar por el mismo sitio web con Firefox o Chrome, notar\u00e1 que el sitio web no lo reconoce como la misma persona porque se asocia con el navegador, no con la persona.<\/p>\n<p><br \/><strong>\u00bfQu\u00e9 tipos de cookies existen?<\/strong> <br \/>\u2022 Cookies t\u00e9cnicas: Son las m\u00e1s b\u00e1sicas y permiten, entre otras cosas, saber cu\u00e1ndo est\u00e1 navegando un humano o una aplicaci\u00f3n automatizada, cu\u00e1ndo est\u00e1 <br \/>navegando un usuario an\u00f3nimo y un usuario registrado, tareas b\u00e1sicas para el funcionamiento de cualquier sitio web din\u00e1mico. <br \/>\u2022 Cookies anal\u00edticas: Recogen informaci\u00f3n sobre el tipo de navegaci\u00f3n que est\u00e1s realizando, las secciones que m\u00e1s utilizas, productos consultados, tiempo de <br \/>uso, idioma, etc. <br \/>\u2022 Cookies publicitarias: Muestran publicidad en funci\u00f3n de su navegaci\u00f3n, su pa\u00eds de origen, idioma, etc.<\/p>\n<p><br \/><strong>\u00bfQu\u00e9 son las cookies propias y de terceros?<\/strong> <br \/>Las cookies de origen son generadas por la p\u00e1gina que est\u00e1s visitando, y las cookies de terceros son generadas por servicios o proveedores externos como Facebook, Google, etc.<\/p>\n<p><br \/><strong>\u00bfQu\u00e9 sucede si desactivo las cookies?<\/strong> <br \/>Para comprender el alcance de la desactivaci\u00f3n de las cookies, le mostraremos algunos <br \/>ejemplos: <br \/>\u2022 No podr\u00e1 compartir contenido de este sitio web en Facebook ni en ninguna otra red social. <br \/>\u2022 El sitio web no podr\u00e1 adaptar el contenido a sus preferencias personales, como suelen hacer las tiendas online. <br \/>\u2022 No podr\u00e1 acceder al \u00e1rea personal de este sitio web, como &#8222;Mi cuenta&#8220;, &#8222;Mi perfil&#8220; o &#8222;Mis pedidos&#8220;. <br \/>\u2022 Tiendas en l\u00ednea: No podr\u00e1 realizar compras en l\u00ednea; Habr\u00e1 que realizarlas por tel\u00e9fono o visitando la tienda f\u00edsica si la hay. <br \/>\u2022 No podr\u00e1 personalizar sus preferencias geogr\u00e1ficas, como la zona horaria, la moneda o el idioma. <br \/>\u2022 El sitio web no podr\u00e1 realizar an\u00e1lisis web sobre los visitantes y el tr\u00e1fico en la web, lo que dificultar\u00e1 la competitividad del sitio. <br \/>\u2022 No podr\u00e1s escribir en el blog, subir fotos, publicar comentarios, calificar o puntuar el contenido. El sitio web tampoco podr\u00e1 decir si usted es un ser humano o una aplicaci\u00f3n automatizada que publica spam. <br \/>\u2022 No se puede mostrar publicidad dirigida, lo que reducir\u00e1 los ingresos publicitarios del sitio web. <br \/>\u2022 Todas las redes sociales utilizan cookies; Si los desactivas, no podr\u00e1s utilizar ninguna red social.<\/p>\n<p><br \/><strong>\u00bfSe pueden eliminar las cookies?<\/strong> <br \/>S\u00ed. No solo puede eliminarlos, sino tambi\u00e9n bloquearlos, ya sea en general o espec\u00edficamente para un dominio espec\u00edfico. <br \/>Para eliminar las cookies de un sitio web, debe ir a la configuraci\u00f3n de su navegador, donde puede buscar las asociadas con el dominio espec\u00edfico y proceder a eliminarlas.<\/p>\n<p><br \/><strong>Configuraci\u00f3n de cookies para los navegadores m\u00e1s populares<\/strong> <br \/>A continuaci\u00f3n, te explicamos c\u00f3mo acceder a una cookie concreta en el navegador Chrome. Nota: estos pasos pueden variar en funci\u00f3n de la versi\u00f3n del navegador. <br \/>\u2022 Vaya a Configuraci\u00f3n o Preferencias a trav\u00e9s del men\u00fa Archivo o haciendo clic en el icono de personalizaci\u00f3n que aparece en la esquina superior derecha. <br \/>\u2022 Ver\u00e1s diferentes secciones; haga clic en la opci\u00f3n &#8222;Mostrar opciones <br \/>avanzadas&#8220;. <br \/>\u2022 Ve a Privacidad, Configuraci\u00f3n de contenido. <br \/>\u2022 Seleccione Todas las cookies y datos del sitio. <br \/>\u2022 Aparecer\u00e1 un listado con todas las cookies ordenadas por dominio. <br \/>\u2022 Para facilitar la b\u00fasqueda de cookies de un dominio en particular, introduzca parte o la totalidad de la direcci\u00f3n en el campo Buscar cookies. <br \/>\u2022 Despu\u00e9s de aplicar este filtro, aparecer\u00e1n en la pantalla una o m\u00e1s l\u00edneas con las cookies del sitio web solicitado. Ahora solo tienes que seleccionarlo y pulsar la <br \/>X para proceder a su eliminaci\u00f3n. <br \/>Para acceder a la configuraci\u00f3n de cookies en el navegador Internet Explorer, siga estos pasos (pueden variar seg\u00fan la versi\u00f3n del navegador): <br \/>\u2022 Vaya a Herramientas, Opciones de Internet. <br \/>\u2022 Haga clic en Privacidad. <br \/>\u2022 Mueva el control deslizante para ajustar el nivel de privacidad que desee. <br \/>Para acceder a la configuraci\u00f3n de cookies en el navegador Firefox, siga estos pasos (pueden variar seg\u00fan la versi\u00f3n del navegador): <br \/>\u2022 Ve a Opciones o Preferencias, dependiendo de tu sistema operativo. <br \/>\u2022 Haga clic en Privacidad. <br \/>\u2022 En Historial, elija Usar configuraci\u00f3n personalizada para el historial. <br \/>\u2022 Ahora ver\u00e1s la opci\u00f3n Aceptar cookies; Puedes activarlo o desactivarlo seg\u00fan tus preferencias. <br \/>Para acceder a la configuraci\u00f3n de cookies en el navegador Safari para OSX, siga estos pasos (pueden variar seg\u00fan la versi\u00f3n del navegador): <br \/>\u2022 Ve a Preferencias y, a continuaci\u00f3n, a Privacidad. <br \/>\u2022 Aqu\u00ed, ver\u00e1 la opci\u00f3n Bloquear cookies para ajustar el tipo de bloqueo que desea realizar. <br \/>Para acceder a la configuraci\u00f3n de cookies en el navegador Safari para iOS, siga estos pasos (pueden variar seg\u00fan la versi\u00f3n del navegador): <br \/>\u2022 Ve a Configuraci\u00f3n y luego a Safari. <br \/>\u2022 Vaya a Privacidad y seguridad. ver\u00e1s la opci\u00f3n Bloquear cookies para ajustar el tipo de bloqueo que quieres realizar. <br \/>Para acceder a la configuraci\u00f3n de cookies en el navegador para dispositivos Android, siga estos pasos (pueden variar seg\u00fan la versi\u00f3n del navegador): <br \/>\u2022 Ejecute el navegador y presione la tecla Men\u00fa, luego Configuraci\u00f3n. <br \/>\u2022 Vaya a Seguridad y privacidad. ver\u00e1 la opci\u00f3n Aceptar cookies para habilitarlo o deshabilitarlo. <br \/>Para acceder a la configuraci\u00f3n de cookies en el navegador para dispositivos Windows Phone, siga estos pasos (pueden variar seg\u00fan la versi\u00f3n del navegador): <br \/>\u2022 Abre Internet Explorer, luego M\u00e1s y luego Configuraci\u00f3n. <br \/>\u2022 Ahora puede habilitar o deshabilitar la opci\u00f3n Permitir cookies.<\/p>\t\t\t\t\t\t\t\t<\/div>\n\t\t\t\t<\/div>\n\t\t\t\t\t<\/div>\n\t\t<\/div>\n\t\t\t\t\t<\/div>\n\t\t<\/section>\n\t\t\t\t<\/div>\n\t\t","protected":false},"excerpt":{"rendered":"<p>\u00bfQu\u00e9 es una cookie? Una cookie es un archivo de texto inofensivo que se almacena en su navegador cuando visita casi cualquier sitio web. El prop\u00f3sito de la cookie es que el sitio web recuerde su visita cuando vuelva a navegar por esa p\u00e1gina. Aunque mucha gente lo desconozca, las cookies se utilizan desde hace [&hellip;]<\/p>\n","protected":false},"author":2,"featured_media":0,"parent":0,"menu_order":0,"comment_status":"closed","ping_status":"closed","template":"","meta":{"_eb_attr":"","footnotes":""},"class_list":["post-2565","page","type-page","status-publish","hentry"],"yoast_head":"<!-- This site is optimized with the Yoast SEO plugin v27.3 - https:\/\/yoast.com\/product\/yoast-seo-wordpress\/ -->\n<title>Pol\u00edtica de cookies - Cable Musical<\/title>\n<meta name=\"robots\" content=\"index, follow, max-snippet:-1, max-image-preview:large, max-video-preview:-1\" \/>\n<link rel=\"canonical\" href=\"https:\/\/cablemusical.com\/de\/politica-de-cookies-copy\/\" \/>\n<meta property=\"og:locale\" content=\"de_DE\" \/>\n<meta property=\"og:type\" content=\"article\" \/>\n<meta property=\"og:title\" content=\"Pol\u00edtica de cookies - Cable Musical\" \/>\n<meta property=\"og:description\" content=\"\u00bfQu\u00e9 es una cookie? Una cookie es un archivo de texto inofensivo que se almacena en su navegador cuando visita casi cualquier sitio web. El prop\u00f3sito de la cookie es que el sitio web recuerde su visita cuando vuelva a navegar por esa p\u00e1gina. Aunque mucha gente lo desconozca, las cookies se utilizan desde hace [&hellip;]\" \/>\n<meta property=\"og:url\" content=\"https:\/\/cablemusical.com\/de\/politica-de-cookies-copy\/\" \/>\n<meta property=\"og:site_name\" content=\"Cable Musical\" \/>\n<meta name=\"twitter:card\" content=\"summary_large_image\" \/>\n<meta name=\"twitter:label1\" content=\"Gesch\u00e4tzte Lesezeit\" \/>\n\t<meta name=\"twitter:data1\" content=\"5\u00a0Minuten\" \/>\n<script type=\"application\/ld+json\" class=\"yoast-schema-graph\">{\"@context\":\"https:\\\/\\\/schema.org\",\"@graph\":[{\"@type\":\"WebPage\",\"@id\":\"https:\\\/\\\/cablemusical.com\\\/de\\\/politica-de-cookies-copy\\\/\",\"url\":\"https:\\\/\\\/cablemusical.com\\\/de\\\/politica-de-cookies-copy\\\/\",\"name\":\"Pol\u00edtica de cookies - Cable Musical\",\"isPartOf\":{\"@id\":\"https:\\\/\\\/cablemusical.com\\\/#website\"},\"datePublished\":\"2024-11-05T09:34:15+00:00\",\"breadcrumb\":{\"@id\":\"https:\\\/\\\/cablemusical.com\\\/de\\\/politica-de-cookies-copy\\\/#breadcrumb\"},\"inLanguage\":\"de\",\"potentialAction\":[{\"@type\":\"ReadAction\",\"target\":[\"https:\\\/\\\/cablemusical.com\\\/de\\\/politica-de-cookies-copy\\\/\"]}]},{\"@type\":\"BreadcrumbList\",\"@id\":\"https:\\\/\\\/cablemusical.com\\\/de\\\/politica-de-cookies-copy\\\/#breadcrumb\",\"itemListElement\":[{\"@type\":\"ListItem\",\"position\":1,\"name\":\"Portada\",\"item\":\"https:\\\/\\\/cablemusical.com\\\/\"},{\"@type\":\"ListItem\",\"position\":2,\"name\":\"Pol\u00edtica de cookies\"}]},{\"@type\":\"WebSite\",\"@id\":\"https:\\\/\\\/cablemusical.com\\\/#website\",\"url\":\"https:\\\/\\\/cablemusical.com\\\/\",\"name\":\"Cable Musical\",\"description\":\"\",\"potentialAction\":[{\"@type\":\"SearchAction\",\"target\":{\"@type\":\"EntryPoint\",\"urlTemplate\":\"https:\\\/\\\/cablemusical.com\\\/?s={search_term_string}\"},\"query-input\":{\"@type\":\"PropertyValueSpecification\",\"valueRequired\":true,\"valueName\":\"search_term_string\"}}],\"inLanguage\":\"de\"}]}<\/script>\n<!-- \/ Yoast SEO plugin. -->","yoast_head_json":{"title":"Pol\u00edtica de cookies - Cable Musical","robots":{"index":"index","follow":"follow","max-snippet":"max-snippet:-1","max-image-preview":"max-image-preview:large","max-video-preview":"max-video-preview:-1"},"canonical":"https:\/\/cablemusical.com\/de\/politica-de-cookies-copy\/","og_locale":"de_DE","og_type":"article","og_title":"Pol\u00edtica de cookies - Cable Musical","og_description":"\u00bfQu\u00e9 es una cookie? Una cookie es un archivo de texto inofensivo que se almacena en su navegador cuando visita casi cualquier sitio web. El prop\u00f3sito de la cookie es que el sitio web recuerde su visita cuando vuelva a navegar por esa p\u00e1gina. Aunque mucha gente lo desconozca, las cookies se utilizan desde hace [&hellip;]","og_url":"https:\/\/cablemusical.com\/de\/politica-de-cookies-copy\/","og_site_name":"Cable Musical","twitter_card":"summary_large_image","twitter_misc":{"Gesch\u00e4tzte Lesezeit":"5\u00a0Minuten"},"schema":{"@context":"https:\/\/schema.org","@graph":[{"@type":"WebPage","@id":"https:\/\/cablemusical.com\/de\/politica-de-cookies-copy\/","url":"https:\/\/cablemusical.com\/de\/politica-de-cookies-copy\/","name":"Pol\u00edtica de cookies - Cable Musical","isPartOf":{"@id":"https:\/\/cablemusical.com\/#website"},"datePublished":"2024-11-05T09:34:15+00:00","breadcrumb":{"@id":"https:\/\/cablemusical.com\/de\/politica-de-cookies-copy\/#breadcrumb"},"inLanguage":"de","potentialAction":[{"@type":"ReadAction","target":["https:\/\/cablemusical.com\/de\/politica-de-cookies-copy\/"]}]},{"@type":"BreadcrumbList","@id":"https:\/\/cablemusical.com\/de\/politica-de-cookies-copy\/#breadcrumb","itemListElement":[{"@type":"ListItem","position":1,"name":"Portada","item":"https:\/\/cablemusical.com\/"},{"@type":"ListItem","position":2,"name":"Pol\u00edtica de cookies"}]},{"@type":"WebSite","@id":"https:\/\/cablemusical.com\/#website","url":"https:\/\/cablemusical.com\/","name":"Cable Musical","description":"","potentialAction":[{"@type":"SearchAction","target":{"@type":"EntryPoint","urlTemplate":"https:\/\/cablemusical.com\/?s={search_term_string}"},"query-input":{"@type":"PropertyValueSpecification","valueRequired":true,"valueName":"search_term_string"}}],"inLanguage":"de"}]}},"_links":{"self":[{"href":"https:\/\/cablemusical.com\/de\/wp-json\/wp\/v2\/pages\/2565","targetHints":{"allow":["GET"]}}],"collection":[{"href":"https:\/\/cablemusical.com\/de\/wp-json\/wp\/v2\/pages"}],"about":[{"href":"https:\/\/cablemusical.com\/de\/wp-json\/wp\/v2\/types\/page"}],"author":[{"embeddable":true,"href":"https:\/\/cablemusical.com\/de\/wp-json\/wp\/v2\/users\/2"}],"replies":[{"embeddable":true,"href":"https:\/\/cablemusical.com\/de\/wp-json\/wp\/v2\/comments?post=2565"}],"version-history":[{"count":0,"href":"https:\/\/cablemusical.com\/de\/wp-json\/wp\/v2\/pages\/2565\/revisions"}],"wp:attachment":[{"href":"https:\/\/cablemusical.com\/de\/wp-json\/wp\/v2\/media?parent=2565"}],"curies":[{"name":"wp","href":"https:\/\/api.w.org\/{rel}","templated":true}]}}